{"id":7348,"date":"2023-07-25T18:47:39","date_gmt":"2023-07-25T16:47:39","guid":{"rendered":"http:\/\/neu.advitos.com\/?page_id=7348"},"modified":"2023-09-04T17:52:22","modified_gmt":"2023-09-04T15:52:22","slug":"literature-indications","status":"publish","type":"page","link":"https:\/\/advitos.com\/en\/advos-therapy\/advos-patient-information\/literature-indications\/","title":{"rendered":"Literature Indications"},"content":{"rendered":"\t\t<div data-elementor-type=\"wp-page\" data-elementor-id=\"7348\" class=\"elementor elementor-7348 elementor-6964\" data-elementor-post-type=\"page\">\n\t\t\t\t\t\t<section class=\"elementor-section elementor-top-section elementor-element elementor-element-847bf4c elementor-section-boxed elementor-section-height-default elementor-section-height-default\" data-id=\"847bf4c\" data-element_type=\"section\" data-e-type=\"section\">\n\t\t\t\t\t\t<div class=\"elementor-container elementor-column-gap-default\">\n\t\t\t\t\t<div class=\"elementor-column elementor-col-33 elementor-top-column elementor-element elementor-element-2106f041 elementor-hidden-mobile elementor-hidden-tablet\" data-id=\"2106f041\" data-element_type=\"column\" data-e-type=\"column\" data-settings=\"{&quot;background_background&quot;:&quot;classic&quot;}\">\n\t\t\t<div class=\"elementor-widget-wrap elementor-element-populated\">\n\t\t\t\t\t\t<div class=\"elementor-element elementor-element-7cca2ec1 elementor-widget elementor-widget-spacer\" data-id=\"7cca2ec1\" data-element_type=\"widget\" data-e-type=\"widget\" data-widget_type=\"spacer.default\">\n\t\t\t\t<div class=\"elementor-widget-container\">\n\t\t\t\t\t\t\t<div class=\"elementor-spacer\">\n\t\t\t<div class=\"elementor-spacer-inner\"><\/div>\n\t\t<\/div>\n\t\t\t\t\t\t<\/div>\n\t\t\t\t<\/div>\n\t\t\t\t\t<\/div>\n\t\t<\/div>\n\t\t\t\t<div class=\"elementor-column elementor-col-33 elementor-top-column elementor-element elementor-element-470887a7\" data-id=\"470887a7\" data-element_type=\"column\" data-e-type=\"column\">\n\t\t\t<div class=\"elementor-widget-wrap elementor-element-populated\">\n\t\t\t\t\t\t<div class=\"elementor-element elementor-element-9c22a91 elementor-widget elementor-widget-heading\" data-id=\"9c22a91\" data-element_type=\"widget\" data-e-type=\"widget\" data-widget_type=\"heading.default\">\n\t\t\t\t<div class=\"elementor-widget-container\">\n\t\t\t\t\t<h1 class=\"elementor-heading-title elementor-size-default\">List of References<\/h1>\t\t\t\t<\/div>\n\t\t\t\t<\/div>\n\t\t\t\t<div class=\"elementor-element elementor-element-07270e7 elementor-hidden-tablet elementor-hidden-mobile elementor-widget elementor-widget-spacer\" data-id=\"07270e7\" data-element_type=\"widget\" data-e-type=\"widget\" data-widget_type=\"spacer.default\">\n\t\t\t\t<div class=\"elementor-widget-container\">\n\t\t\t\t\t\t\t<div class=\"elementor-spacer\">\n\t\t\t<div class=\"elementor-spacer-inner\"><\/div>\n\t\t<\/div>\n\t\t\t\t\t\t<\/div>\n\t\t\t\t<\/div>\n\t\t\t\t<div class=\"elementor-element elementor-element-225fee5 elementor-widget elementor-widget-text-editor\" data-id=\"225fee5\" data-element_type=\"widget\" data-e-type=\"widget\" data-widget_type=\"text-editor.default\">\n\t\t\t\t<div class=\"elementor-widget-container\">\n\t\t\t\t\t\t\t\t\t<p>*Rajakumar A, Kaliamoorthy I, Rela M, Mandell MS. Small-for-Size Syndrome: Bridging the Gap Between Liver Transplantation and Graft Recovery. Semin Cardiothorac Vasc Anesth. 2017 Sep;21(3):252-261. doi: 10.1177\/1089253217699888. Epub 2017 Mar 23. PMID: 28758559.<\/p>\n<p>Deutsch-\u00f6sterreichische S3 Leitlinie\u201cInfarkt-bedingter kardiogener Schock &#8211; Diagnose, Monitoring und Therapie\u201c<br \/>\nStand 28.02.2019, https:\/\/www.awmf.org\/leitlinien\/detail\/ll\/019-013.html<\/p>\n<p>MacDonald AJ, Subramanian RM, Olson JC, Speiser JL, Durkalski-Mauldin VL, Abraldes JG, Bigam DL, Flynn MM, Rapaka B, Shropshire BM, Vora RS, Karvellas CJ; U.S. Acute Liver Failure Study Group. Use of the Molecular Adsorbent Recirculating System in Acute Liver Failure: Results of a Multicenter Propensity Score-Matched Study. Crit Care Med. 2022 Feb 1;50(2):286-295. doi: 10.1097\/CCM.0000000000005194. PMID: 34259656.<\/p>\n<p>European Association for the Study of the Liver. Electronic address: HYPERLINK \u201emailto:easloffice@easloffice.eu\u201c easloffice@easloffice.eu; European Association for the Study of the Liver. EASL Clinical Practice Guidelines for the management of patients with decompensated cirrhosis. J Hepatol. 2018 Aug;69(2):406-460. doi: 10.1016\/j.jhep.2018.03.024. Epub 2018 Apr 10. Erratum in: J Hepatol. 2018 Nov;69(5):1207. PMID: 29653741.<\/p>\n<p>Ba\u00f1ares R, Nevens F, Larsen FS, Jalan R, Albillos A, Dollinger M, Saliba F, Sauerbruch T, Klammt S, Ockenga J, Pares A, Wendon J, Br\u00fcnnler T, Kramer L, Mathurin P, de la Mata M, Gasbarrini A, M\u00fcllhaupt B, Wilmer A, Laleman W, Eefsen M, Sen S, Zipprich A, Tenorio T, Pavesi M, Schmidt HH, Mitzner S, Williams R, Arroyo V; RELIEF study group. Extracorporeal albumin dialysis with the molecular adsorbent recirculating system in acute-on-chronic liver failure: the RELIEF trial. Hepatology. 2013 Mar;57(3):1153-62. doi: 10.1002\/hep.26185. Epub 2013 Feb 15. PMID: 23213075.<\/p>\n<p>Brunkhorst FM, Weigand MA, Pletz M, Gastmeier P, Lemmen SW, Meier-Hellmann A, Ragaller M, Weyland A, Marx G, Bucher M, Gerlach H, Salzberger B, Grabein B, Welte T, Werdan K, Kluge S, Bone HG, Putensen C, Rossaint R, Quintel M, Spies C, Wei\u00df B, John S, Oppert M, J\u00f6rres A, Brenner T, Elke G, Gr\u00fcndling M, Mayer K, Weimann A, Felbinger TW, Axer H; Deutsche Sepsis Gesellschaft e V.. S3-Leitlinie Sepsis \u2013 Pr\u00e4vention, Diagnose, Therapie und Nachsorge : Langfassung [S3 Guideline Sepsis-prevention, diagnosis, therapy, and aftercare : Long version]. Med Klin Intensivmed Notfmed. 2020 May;115(Suppl 2):37-109. German. doi: 10.1007\/<br \/>\ns00063-020-00685-0. PMID: 32356041.<\/p>\n<p>Fuhrmann V, Perez Ruiz de Garibay A, Faltlhauser A, Tyczynski B, Jarczak D, Lutz J, Weinmann-Menke J, Kribben A, Kluge S. Registry on extracorporeal multiple organ support with the advanced organ support (ADVOS) system: 2-year interim analysis. Medicine (Baltimore). 2021 Feb 19;100(7):e24653. doi: 10.1097\/MD.0000000000024653. PMID: 33607801; PMCID: PMC7899840.<\/p>\n<p>Fuhrmann V, Weber T, Roedl K, Motaabbed J, Tariparast A, Jarczak D, de Garibay APR, Kluwe J, Boenisch O, Herkner H, Kellum JA, Kluge S. Advanced organ support (ADVOS) in the critically ill: first clinical experience in patients with multiple organ failure. Ann Intensive Care. 2020 Jul 16;10(1):96. doi: 10.1186\/s13613-020-00714-3. PMID: 32676849; PMCID: PMC7364697.<\/p>\n<p>Al-Chalabi A, Matevossian E, von Thaden A, Schreiber C, Radermacher P, Huber W, Perez Ruiz de Garibay A, Kreymann B. Evaluation of an ADVanced Organ Support (ADVOS) system in a two-hit porcine model of liver failure plus endotoxemia. Intensive Care Med Exp. 2017 Dec;5(1):31. doi: 10.1186\/s40635-017-0144-3. Epub 2017 Jul 4. PMID: 28677045; PMCID: PMC5496922.<\/p>\n\t\t\t\t\t\t\t\t<\/div>\n\t\t\t\t<\/div>\n\t\t\t\t\t<\/div>\n\t\t<\/div>\n\t\t\t\t<div class=\"elementor-column elementor-col-33 elementor-top-column elementor-element elementor-element-4579cc21 elementor-hidden-mobile elementor-hidden-tablet\" data-id=\"4579cc21\" data-element_type=\"column\" data-e-type=\"column\" data-settings=\"{&quot;background_background&quot;:&quot;classic&quot;}\">\n\t\t\t<div class=\"elementor-widget-wrap elementor-element-populated\">\n\t\t\t\t\t\t<div class=\"elementor-element elementor-element-7f9afc86 elementor-widget elementor-widget-spacer\" data-id=\"7f9afc86\" data-element_type=\"widget\" data-e-type=\"widget\" data-widget_type=\"spacer.default\">\n\t\t\t\t<div class=\"elementor-widget-container\">\n\t\t\t\t\t\t\t<div class=\"elementor-spacer\">\n\t\t\t<div class=\"elementor-spacer-inner\"><\/div>\n\t\t<\/div>\n\t\t\t\t\t\t<\/div>\n\t\t\t\t<\/div>\n\t\t\t\t\t<\/div>\n\t\t<\/div>\n\t\t\t\t\t<\/div>\n\t\t<\/section>\n\t\t\t\t<\/div>\n\t\t","protected":false},"excerpt":{"rendered":"<p>List of References *Rajakumar A, Kaliamoorthy I, Rela M, Mandell MS. Small-for-Size Syndrome: Bridging the Gap Between Liver Transplantation and Graft Recovery. Semin Cardiothorac Vasc Anesth. 2017 Sep;21(3):252-261. doi: 10.1177\/1089253217699888. Epub 2017 Mar 23. PMID: 28758559. Deutsch-\u00f6sterreichische S3 Leitlinie\u201cInfarkt-bedingter kardiogener Schock &#8211; Diagnose, Monitoring und Therapie\u201c Stand 28.02.2019, https:\/\/www.awmf.org\/leitlinien\/detail\/ll\/019-013.html MacDonald AJ, Subramanian RM, Olson JC, [&hellip;]<\/p>\n","protected":false},"author":2,"featured_media":0,"parent":6987,"menu_order":1,"comment_status":"closed","ping_status":"closed","template":"","meta":{"site-sidebar-layout":"default","site-content-layout":"default","ast-site-content-layout":"default","site-content-style":"default","site-sidebar-style":"default","ast-global-header-display":"","ast-banner-title-visibility":"","ast-main-header-display":"","ast-hfb-above-header-display":"","ast-hfb-below-header-display":"","ast-hfb-mobile-header-display":"","site-post-title":"disabled","ast-breadcrumbs-content":"","ast-featured-img":"","footer-sml-layout":"","ast-disable-related-posts":"","theme-transparent-header-meta":"default","adv-header-id-meta":"","stick-header-meta":"","header-above-stick-meta":"","header-main-stick-meta":"","header-below-stick-meta":"","astra-migrate-meta-layouts":"set","ast-page-background-enabled":"default","ast-page-background-meta":{"desktop":{"background-color":"var(--ast-global-color-4)","background-image":"","background-repeat":"repeat","background-position":"center center","background-size":"auto","background-attachment":"scroll","background-type":"","background-media":"","overlay-type":"","overlay-color":"","overlay-opacity":"","overlay-gradient":""},"tablet":{"background-color":"","background-image":"","background-repeat":"repeat","background-position":"center center","background-size":"auto","background-attachment":"scroll","background-type":"","background-media":"","overlay-type":"","overlay-color":"","overlay-opacity":"","overlay-gradient":""},"mobile":{"background-color":"","background-image":"","background-repeat":"repeat","background-position":"center center","background-size":"auto","background-attachment":"scroll","background-type":"","background-media":"","overlay-type":"","overlay-color":"","overlay-opacity":"","overlay-gradient":""}},"ast-content-background-meta":{"desktop":{"background-color":"var(--ast-global-color-5)","background-image":"","background-repeat":"repeat","background-position":"center center","background-size":"auto","background-attachment":"scroll","background-type":"","background-media":"","overlay-type":"","overlay-color":"","overlay-opacity":"","overlay-gradient":""},"tablet":{"background-color":"var(--ast-global-color-5)","background-image":"","background-repeat":"repeat","background-position":"center center","background-size":"auto","background-attachment":"scroll","background-type":"","background-media":"","overlay-type":"","overlay-color":"","overlay-opacity":"","overlay-gradient":""},"mobile":{"background-color":"var(--ast-global-color-5)","background-image":"","background-repeat":"repeat","background-position":"center center","background-size":"auto","background-attachment":"scroll","background-type":"","background-media":"","overlay-type":"","overlay-color":"","overlay-opacity":"","overlay-gradient":""}},"footnotes":""},"class_list":["post-7348","page","type-page","status-publish"],"yoast_head":"<!-- This site is optimized with the Yoast SEO plugin v27.3 - https:\/\/yoast.com\/product\/yoast-seo-wordpress\/ -->\n<title>Patient information from ADVITOS, List of references<\/title>\n<meta name=\"description\" content=\"ADVITOS patient information on organ failure in sepsis, liver and kidney failure, multi-organ failure. Information on the ADVITOS procedure.\" \/>\n<meta name=\"robots\" content=\"index, follow, max-snippet:-1, max-image-preview:large, max-video-preview:-1\" \/>\n<link rel=\"canonical\" href=\"https:\/\/advitos.com\/advos-therapie\/advos-patienteninformation\/literaturverzeichnis-indikationen\/\" \/>\n<meta property=\"og:locale\" content=\"en_US\" \/>\n<meta property=\"og:type\" content=\"article\" \/>\n<meta property=\"og:title\" content=\"Patient information from ADVITOS, List of references\" \/>\n<meta property=\"og:description\" content=\"ADVITOS patient information on organ failure in sepsis, liver and kidney failure, multi-organ failure. Information on the ADVITOS procedure.\" \/>\n<meta property=\"og:url\" content=\"https:\/\/advitos.com\/advos-therapie\/advos-patienteninformation\/literaturverzeichnis-indikationen\/\" \/>\n<meta property=\"og:site_name\" content=\"ADVITOS\" \/>\n<meta property=\"article:modified_time\" content=\"2023-09-04T15:52:22+00:00\" \/>\n<meta name=\"twitter:card\" content=\"summary_large_image\" \/>\n<meta name=\"twitter:label1\" content=\"Est. reading time\" \/>\n\t<meta name=\"twitter:data1\" content=\"3 minutes\" \/>\n<script type=\"application\/ld+json\" class=\"yoast-schema-graph\">{\"@context\":\"https:\\\/\\\/schema.org\",\"@graph\":[{\"@type\":\"WebPage\",\"@id\":\"https:\\\/\\\/advitos.com\\\/advos-therapie\\\/advos-patienteninformation\\\/literaturverzeichnis-indikationen\\\/\",\"url\":\"https:\\\/\\\/advitos.com\\\/advos-therapie\\\/advos-patienteninformation\\\/literaturverzeichnis-indikationen\\\/\",\"name\":\"Patient information from ADVITOS, List of references\",\"isPartOf\":{\"@id\":\"https:\\\/\\\/advitos.com\\\/#website\"},\"datePublished\":\"2023-07-25T16:47:39+00:00\",\"dateModified\":\"2023-09-04T15:52:22+00:00\",\"description\":\"ADVITOS patient information on organ failure in sepsis, liver and kidney failure, multi-organ failure. Information on the ADVITOS procedure.\",\"breadcrumb\":{\"@id\":\"https:\\\/\\\/advitos.com\\\/advos-therapie\\\/advos-patienteninformation\\\/literaturverzeichnis-indikationen\\\/#breadcrumb\"},\"inLanguage\":\"en-US\",\"potentialAction\":[{\"@type\":\"ReadAction\",\"target\":[\"https:\\\/\\\/advitos.com\\\/advos-therapie\\\/advos-patienteninformation\\\/literaturverzeichnis-indikationen\\\/\"]}]},{\"@type\":\"BreadcrumbList\",\"@id\":\"https:\\\/\\\/advitos.com\\\/advos-therapie\\\/advos-patienteninformation\\\/literaturverzeichnis-indikationen\\\/#breadcrumb\",\"itemListElement\":[{\"@type\":\"ListItem\",\"position\":1,\"name\":\"Home\",\"item\":\"https:\\\/\\\/advitos.com\\\/en\\\/\"},{\"@type\":\"ListItem\",\"position\":2,\"name\":\"ADVOS Therapy\",\"item\":\"https:\\\/\\\/advitos.com\\\/advos-therapie\\\/\"},{\"@type\":\"ListItem\",\"position\":3,\"name\":\"ADVOS Patient Information\",\"item\":\"https:\\\/\\\/advitos.com\\\/advos-therapie\\\/advos-patienteninformation\\\/\"},{\"@type\":\"ListItem\",\"position\":4,\"name\":\"Literature Indications\"}]},{\"@type\":\"WebSite\",\"@id\":\"https:\\\/\\\/advitos.com\\\/#website\",\"url\":\"https:\\\/\\\/advitos.com\\\/\",\"name\":\"ADVITOS\",\"description\":\"\",\"publisher\":{\"@id\":\"https:\\\/\\\/advitos.com\\\/#organization\"},\"potentialAction\":[{\"@type\":\"SearchAction\",\"target\":{\"@type\":\"EntryPoint\",\"urlTemplate\":\"https:\\\/\\\/advitos.com\\\/?s={search_term_string}\"},\"query-input\":{\"@type\":\"PropertyValueSpecification\",\"valueRequired\":true,\"valueName\":\"search_term_string\"}}],\"inLanguage\":\"en-US\"},{\"@type\":\"Organization\",\"@id\":\"https:\\\/\\\/advitos.com\\\/#organization\",\"name\":\"ADVITOS\",\"url\":\"https:\\\/\\\/advitos.com\\\/\",\"logo\":{\"@type\":\"ImageObject\",\"inLanguage\":\"en-US\",\"@id\":\"https:\\\/\\\/advitos.com\\\/#\\\/schema\\\/logo\\\/image\\\/\",\"url\":\"https:\\\/\\\/advitos.com\\\/wp-content\\\/uploads\\\/2025\\\/03\\\/cropped-ADVITOS_Logo_en.png\",\"contentUrl\":\"https:\\\/\\\/advitos.com\\\/wp-content\\\/uploads\\\/2025\\\/03\\\/cropped-ADVITOS_Logo_en.png\",\"width\":300,\"height\":79,\"caption\":\"ADVITOS\"},\"image\":{\"@id\":\"https:\\\/\\\/advitos.com\\\/#\\\/schema\\\/logo\\\/image\\\/\"}}]}<\/script>\n<!-- \/ Yoast SEO plugin. -->","yoast_head_json":{"title":"Patient information from ADVITOS, List of references","description":"ADVITOS patient information on organ failure in sepsis, liver and kidney failure, multi-organ failure. Information on the ADVITOS procedure.","robots":{"index":"index","follow":"follow","max-snippet":"max-snippet:-1","max-image-preview":"max-image-preview:large","max-video-preview":"max-video-preview:-1"},"canonical":"https:\/\/advitos.com\/advos-therapie\/advos-patienteninformation\/literaturverzeichnis-indikationen\/","og_locale":"en_US","og_type":"article","og_title":"Patient information from ADVITOS, List of references","og_description":"ADVITOS patient information on organ failure in sepsis, liver and kidney failure, multi-organ failure. Information on the ADVITOS procedure.","og_url":"https:\/\/advitos.com\/advos-therapie\/advos-patienteninformation\/literaturverzeichnis-indikationen\/","og_site_name":"ADVITOS","article_modified_time":"2023-09-04T15:52:22+00:00","twitter_card":"summary_large_image","twitter_misc":{"Est. reading time":"3 minutes"},"schema":{"@context":"https:\/\/schema.org","@graph":[{"@type":"WebPage","@id":"https:\/\/advitos.com\/advos-therapie\/advos-patienteninformation\/literaturverzeichnis-indikationen\/","url":"https:\/\/advitos.com\/advos-therapie\/advos-patienteninformation\/literaturverzeichnis-indikationen\/","name":"Patient information from ADVITOS, List of references","isPartOf":{"@id":"https:\/\/advitos.com\/#website"},"datePublished":"2023-07-25T16:47:39+00:00","dateModified":"2023-09-04T15:52:22+00:00","description":"ADVITOS patient information on organ failure in sepsis, liver and kidney failure, multi-organ failure. Information on the ADVITOS procedure.","breadcrumb":{"@id":"https:\/\/advitos.com\/advos-therapie\/advos-patienteninformation\/literaturverzeichnis-indikationen\/#breadcrumb"},"inLanguage":"en-US","potentialAction":[{"@type":"ReadAction","target":["https:\/\/advitos.com\/advos-therapie\/advos-patienteninformation\/literaturverzeichnis-indikationen\/"]}]},{"@type":"BreadcrumbList","@id":"https:\/\/advitos.com\/advos-therapie\/advos-patienteninformation\/literaturverzeichnis-indikationen\/#breadcrumb","itemListElement":[{"@type":"ListItem","position":1,"name":"Home","item":"https:\/\/advitos.com\/en\/"},{"@type":"ListItem","position":2,"name":"ADVOS Therapy","item":"https:\/\/advitos.com\/advos-therapie\/"},{"@type":"ListItem","position":3,"name":"ADVOS Patient Information","item":"https:\/\/advitos.com\/advos-therapie\/advos-patienteninformation\/"},{"@type":"ListItem","position":4,"name":"Literature Indications"}]},{"@type":"WebSite","@id":"https:\/\/advitos.com\/#website","url":"https:\/\/advitos.com\/","name":"ADVITOS","description":"","publisher":{"@id":"https:\/\/advitos.com\/#organization"},"potentialAction":[{"@type":"SearchAction","target":{"@type":"EntryPoint","urlTemplate":"https:\/\/advitos.com\/?s={search_term_string}"},"query-input":{"@type":"PropertyValueSpecification","valueRequired":true,"valueName":"search_term_string"}}],"inLanguage":"en-US"},{"@type":"Organization","@id":"https:\/\/advitos.com\/#organization","name":"ADVITOS","url":"https:\/\/advitos.com\/","logo":{"@type":"ImageObject","inLanguage":"en-US","@id":"https:\/\/advitos.com\/#\/schema\/logo\/image\/","url":"https:\/\/advitos.com\/wp-content\/uploads\/2025\/03\/cropped-ADVITOS_Logo_en.png","contentUrl":"https:\/\/advitos.com\/wp-content\/uploads\/2025\/03\/cropped-ADVITOS_Logo_en.png","width":300,"height":79,"caption":"ADVITOS"},"image":{"@id":"https:\/\/advitos.com\/#\/schema\/logo\/image\/"}}]}},"_links":{"self":[{"href":"https:\/\/advitos.com\/en\/wp-json\/wp\/v2\/pages\/7348","targetHints":{"allow":["GET"]}}],"collection":[{"href":"https:\/\/advitos.com\/en\/wp-json\/wp\/v2\/pages"}],"about":[{"href":"https:\/\/advitos.com\/en\/wp-json\/wp\/v2\/types\/page"}],"author":[{"embeddable":true,"href":"https:\/\/advitos.com\/en\/wp-json\/wp\/v2\/users\/2"}],"replies":[{"embeddable":true,"href":"https:\/\/advitos.com\/en\/wp-json\/wp\/v2\/comments?post=7348"}],"version-history":[{"count":0,"href":"https:\/\/advitos.com\/en\/wp-json\/wp\/v2\/pages\/7348\/revisions"}],"up":[{"embeddable":true,"href":"https:\/\/advitos.com\/en\/wp-json\/wp\/v2\/pages\/6987"}],"wp:attachment":[{"href":"https:\/\/advitos.com\/en\/wp-json\/wp\/v2\/media?parent=7348"}],"curies":[{"name":"wp","href":"https:\/\/api.w.org\/{rel}","templated":true}]}}